{"id":11190,"date":"2026-05-07T15:32:55","date_gmt":"2026-05-07T13:32:55","guid":{"rendered":"https:\/\/www.lpnnails.fr\/?post_type=product&#038;p=11190"},"modified":"2026-05-07T15:39:56","modified_gmt":"2026-05-07T13:39:56","slug":"spray-moussant","status":"publish","type":"product","link":"https:\/\/www.lpnnails.fr\/en\/product\/spray-moussant\/","title":{"rendered":"Foaming spray"},"content":{"rendered":"<p>Discover the <strong>LPN Nails Foaming Spray 30ml<\/strong>, the ideal accessory to transform your liquids into <strong>lightweight, economical and easy-to-apply foam<\/strong>. Perfect for cleaner, soap, or cleaning solutions, it allows for controlled use while reducing waste. Its ergonomic pump delivers a fine, even foam, ideal for clean, quick, and professional work.<\/p>\n<p><strong>Features :<\/strong><\/p>\n<ul>\n<li><strong>Foam pump system<\/strong> : Transforms liquid into a soft and airy foam.<\/li>\n<li><strong>Economic application<\/strong> Reduces product consumption.<\/li>\n<li><strong>Practical use<\/strong> Controlled dosage and no waste.<\/li>\n<li><strong>Versatile use<\/strong> : Compatible with cleaner, soap, cleaning solutions.<\/li>\n<li><strong>Compact size<\/strong> : Ideal for the worktop or for travel.<\/li>\n<li><strong>Easy to fill<\/strong> : Transparent bottle to view the level.<\/li>\n<\/ul>\n<p><strong>Instructions for use:<\/strong><\/p>\n<ol>\n<li><strong>Fill the bottle<\/strong> with your liquid (diluted if necessary depending on the product).<\/li>\n<li><strong>Close it properly<\/strong> the pump.<\/li>\n<li><strong>Press the pump<\/strong> to obtain a light foam.<\/li>\n<li><strong>Apply<\/strong> directly onto a cotton ball, a wipe or the desired area.<\/li>\n<li><strong>Clean regularly<\/strong> the bottle for optimal use.<\/li>\n<\/ol>\n<p>With the <strong>LPN Nails Foaming Spray<\/strong>, Gain precision, cleanliness and efficiency in all your services!<\/p>","protected":false},"excerpt":{"rendered":"<p>D\u00e9couvrez le Spray Moussant 30ml LPN Nails, l\u2019accessoire id\u00e9al pour transformer vos liquides en mousse l\u00e9g\u00e8re, \u00e9conomique et facile \u00e0 [&hellip;]<\/p>\n","protected":false},"featured_media":11191,"template":"","meta":{"_uag_custom_page_level_css":"","site-sidebar-layout":"default","site-content-layout":"","ast-site-content-layout":"default","site-content-style":"default","site-sidebar-style":"default","ast-global-header-display":"","ast-banner-title-visibility":"","ast-main-header-display":"","ast-hfb-above-header-display":"","ast-hfb-below-header-display":"","ast-hfb-mobile-header-display":"","site-post-title":"","ast-breadcrumbs-content":"","ast-featured-img":"","footer-sml-layout":"","ast-disable-related-posts":"","theme-transparent-header-meta":"default","adv-header-id-meta":"","stick-header-meta":"","header-above-stick-meta":"","header-main-stick-meta":"","header-below-stick-meta":"","astra-migrate-meta-layouts":"set","ast-page-background-enabled":"default","ast-page-background-meta":{"desktop":{"background-color":"var(--ast-global-color-4)","background-image":"","background-repeat":"repeat","background-position":"center center","background-size":"auto","background-attachment":"scroll","background-type":"","background-media":"","overlay-type":"","overlay-color":"","overlay-opacity":"","overlay-gradient":""},"tablet":{"background-color":"","background-image":"","background-repeat":"repeat","background-position":"center center","background-size":"auto","background-attachment":"scroll","background-type":"","background-media":"","overlay-type":"","overlay-color":"","overlay-opacity":"","overlay-gradient":""},"mobile":{"background-color":"","background-image":"","background-repeat":"repeat","background-position":"center center","background-size":"auto","background-attachment":"scroll","background-type":"","background-media":"","overlay-type":"","overlay-color":"","overlay-opacity":"","overlay-gradient":""}},"ast-content-background-meta":{"desktop":{"background-color":"var(--ast-global-color-5)","background-image":"","background-repeat":"repeat","background-position":"center center","background-size":"auto","background-attachment":"scroll","background-type":"","background-media":"","overlay-type":"","overlay-color":"","overlay-opacity":"","overlay-gradient":""},"tablet":{"background-color":"var(--ast-global-color-5)","background-image":"","background-repeat":"repeat","background-position":"center center","background-size":"auto","background-attachment":"scroll","background-type":"","background-media":"","overlay-type":"","overlay-color":"","overlay-opacity":"","overlay-gradient":""},"mobile":{"background-color":"var(--ast-global-color-5)","background-image":"","background-repeat":"repeat","background-position":"center center","background-size":"auto","background-attachment":"scroll","background-type":"","background-media":"","overlay-type":"","overlay-color":"","overlay-opacity":"","overlay-gradient":""}}},"product_brand":[254],"product_cat":[232,238,199],"product_tag":[],"class_list":{"0":"post-11190","1":"product","2":"type-product","3":"status-publish","4":"has-post-thumbnail","6":"product_brand-lpnnails","7":"product_cat-hygiene-et-soins","8":"product_cat-nouveau","9":"product_cat-tous-les-produits","10":"desktop-align-left","11":"tablet-align-left","12":"mobile-align-left","14":"first","15":"instock","16":"shipping-taxable","17":"purchasable","18":"product-type-simple"},"yoast_head":"<!-- This site is optimized with the Yoast SEO plugin v27.6 - https:\/\/yoast.com\/product\/yoast-seo-wordpress\/ -->\n<title>Spray moussant - LPN Nails<\/title>\n<meta name=\"description\" content=\"D\u00e9couvrez le Spray Moussant 30ml LPN Nails, l\u2019accessoire id\u00e9al pour transformer vos liquides en mousse l\u00e9g\u00e8re, \u00e9conomique et facile \u00e0 appliquer. Parfait pour le cleaner, le savon ou les solutions nettoyantes, il permet une utilisation contr\u00f4l\u00e9e tout en r\u00e9duisant le gaspillage. Sa pompe ergonomique d\u00e9livre une mousse fine et homog\u00e8ne, id\u00e9ale pour un travail propre, rapide et professionnel.\" \/>\n<meta name=\"robots\" content=\"index, follow, max-snippet:-1, max-image-preview:large, max-video-preview:-1\" \/>\n<link rel=\"canonical\" href=\"https:\/\/www.lpnnails.fr\/en\/product\/spray-moussant\/\" \/>\n<meta property=\"og:locale\" content=\"en_US\" \/>\n<meta property=\"og:type\" content=\"article\" \/>\n<meta property=\"og:title\" content=\"Spray moussant - LPN Nails\" \/>\n<meta property=\"og:description\" content=\"D\u00e9couvrez le Spray Moussant 30ml LPN Nails, l\u2019accessoire id\u00e9al pour transformer vos liquides en mousse l\u00e9g\u00e8re, \u00e9conomique et facile \u00e0 appliquer. Parfait pour le cleaner, le savon ou les solutions nettoyantes, il permet une utilisation contr\u00f4l\u00e9e tout en r\u00e9duisant le gaspillage. Sa pompe ergonomique d\u00e9livre une mousse fine et homog\u00e8ne, id\u00e9ale pour un travail propre, rapide et professionnel.\" \/>\n<meta property=\"og:url\" content=\"https:\/\/www.lpnnails.fr\/en\/product\/spray-moussant\/\" \/>\n<meta property=\"og:site_name\" content=\"LPN Nails\" \/>\n<meta property=\"article:publisher\" content=\"https:\/\/www.facebook.com\/profile.php?id=61573655313488#\" \/>\n<meta property=\"article:modified_time\" content=\"2026-05-07T13:39:56+00:00\" \/>\n<meta property=\"og:image\" content=\"https:\/\/www.lpnnails.fr\/wp-content\/uploads\/2026\/05\/spray-moussant-2.jpg\" \/>\n\t<meta property=\"og:image:width\" content=\"1024\" \/>\n\t<meta property=\"og:image:height\" content=\"1024\" \/>\n\t<meta property=\"og:image:type\" content=\"image\/jpeg\" \/>\n<meta name=\"twitter:card\" content=\"summary_large_image\" \/>\n<meta name=\"twitter:label1\" content=\"Est. reading time\" \/>\n\t<meta name=\"twitter:data1\" content=\"2 minutes\" \/>\n<script type=\"application\/ld+json\" class=\"yoast-schema-graph\">{\"@context\":\"https:\\\/\\\/schema.org\",\"@graph\":[{\"@type\":\"WebPage\",\"@id\":\"https:\\\/\\\/www.lpnnails.fr\\\/produit\\\/spray-moussant\\\/\",\"url\":\"https:\\\/\\\/www.lpnnails.fr\\\/produit\\\/spray-moussant\\\/\",\"name\":\"Spray moussant - LPN Nails\",\"isPartOf\":{\"@id\":\"https:\\\/\\\/www.lpnnails.fr\\\/#website\"},\"primaryImageOfPage\":{\"@id\":\"https:\\\/\\\/www.lpnnails.fr\\\/produit\\\/spray-moussant\\\/#primaryimage\"},\"image\":{\"@id\":\"https:\\\/\\\/www.lpnnails.fr\\\/produit\\\/spray-moussant\\\/#primaryimage\"},\"thumbnailUrl\":\"https:\\\/\\\/www.lpnnails.fr\\\/wp-content\\\/uploads\\\/2026\\\/05\\\/spray-moussant-2.jpg\",\"datePublished\":\"2026-05-07T13:32:55+00:00\",\"dateModified\":\"2026-05-07T13:39:56+00:00\",\"description\":\"D\u00e9couvrez le Spray Moussant 30ml LPN Nails, l\u2019accessoire id\u00e9al pour transformer vos liquides en mousse l\u00e9g\u00e8re, \u00e9conomique et facile \u00e0 appliquer. Parfait pour le cleaner, le savon ou les solutions nettoyantes, il permet une utilisation contr\u00f4l\u00e9e tout en r\u00e9duisant le gaspillage. Sa pompe ergonomique d\u00e9livre une mousse fine et homog\u00e8ne, id\u00e9ale pour un travail propre, rapide et professionnel.\",\"breadcrumb\":{\"@id\":\"https:\\\/\\\/www.lpnnails.fr\\\/produit\\\/spray-moussant\\\/#breadcrumb\"},\"inLanguage\":\"en-US\",\"potentialAction\":[{\"@type\":\"ReadAction\",\"target\":[\"https:\\\/\\\/www.lpnnails.fr\\\/produit\\\/spray-moussant\\\/\"]}]},{\"@type\":\"ImageObject\",\"inLanguage\":\"en-US\",\"@id\":\"https:\\\/\\\/www.lpnnails.fr\\\/produit\\\/spray-moussant\\\/#primaryimage\",\"url\":\"https:\\\/\\\/www.lpnnails.fr\\\/wp-content\\\/uploads\\\/2026\\\/05\\\/spray-moussant-2.jpg\",\"contentUrl\":\"https:\\\/\\\/www.lpnnails.fr\\\/wp-content\\\/uploads\\\/2026\\\/05\\\/spray-moussant-2.jpg\",\"width\":1024,\"height\":1024,\"caption\":\"spray moussant\"},{\"@type\":\"BreadcrumbList\",\"@id\":\"https:\\\/\\\/www.lpnnails.fr\\\/produit\\\/spray-moussant\\\/#breadcrumb\",\"itemListElement\":[{\"@type\":\"ListItem\",\"position\":1,\"name\":\"Accueil\",\"item\":\"https:\\\/\\\/www.lpnnails.fr\\\/\"},{\"@type\":\"ListItem\",\"position\":2,\"name\":\"Boutique\",\"item\":\"https:\\\/\\\/www.lpnnails.fr\\\/boutique\\\/\"},{\"@type\":\"ListItem\",\"position\":3,\"name\":\"Spray moussant\"}]},{\"@type\":\"WebSite\",\"@id\":\"https:\\\/\\\/www.lpnnails.fr\\\/#website\",\"url\":\"https:\\\/\\\/www.lpnnails.fr\\\/\",\"name\":\"LPN Nails\",\"description\":\"\",\"publisher\":{\"@id\":\"https:\\\/\\\/www.lpnnails.fr\\\/#organization\"},\"potentialAction\":[{\"@type\":\"SearchAction\",\"target\":{\"@type\":\"EntryPoint\",\"urlTemplate\":\"https:\\\/\\\/www.lpnnails.fr\\\/?s={search_term_string}\"},\"query-input\":{\"@type\":\"PropertyValueSpecification\",\"valueRequired\":true,\"valueName\":\"search_term_string\"}}],\"inLanguage\":\"en-US\"},{\"@type\":\"Organization\",\"@id\":\"https:\\\/\\\/www.lpnnails.fr\\\/#organization\",\"name\":\"LPN Nails\",\"url\":\"https:\\\/\\\/www.lpnnails.fr\\\/\",\"logo\":{\"@type\":\"ImageObject\",\"inLanguage\":\"en-US\",\"@id\":\"https:\\\/\\\/www.lpnnails.fr\\\/#\\\/schema\\\/logo\\\/image\\\/\",\"url\":\"https:\\\/\\\/www.lpnnails.fr\\\/wp-content\\\/uploads\\\/2025\\\/11\\\/Design-sans-titre-2.png\",\"contentUrl\":\"https:\\\/\\\/www.lpnnails.fr\\\/wp-content\\\/uploads\\\/2025\\\/11\\\/Design-sans-titre-2.png\",\"width\":512,\"height\":512,\"caption\":\"LPN Nails\"},\"image\":{\"@id\":\"https:\\\/\\\/www.lpnnails.fr\\\/#\\\/schema\\\/logo\\\/image\\\/\"},\"sameAs\":[\"https:\\\/\\\/www.facebook.com\\\/profile.php?id=61573655313488#\",\"https:\\\/\\\/www.instagram.com\\\/lpnnails\\\/\",\"https:\\\/\\\/www.linkedin.com\\\/company\\\/lpnnails\\\/\",\"https:\\\/\\\/www.youtube.com\\\/@LPNNails\\\/\"]}]}<\/script>\n<!-- \/ Yoast SEO plugin. -->","yoast_head_json":{"title":"Spray moussant - LPN Nails","description":"D\u00e9couvrez le Spray Moussant 30ml LPN Nails, l\u2019accessoire id\u00e9al pour transformer vos liquides en mousse l\u00e9g\u00e8re, \u00e9conomique et facile \u00e0 appliquer. Parfait pour le cleaner, le savon ou les solutions nettoyantes, il permet une utilisation contr\u00f4l\u00e9e tout en r\u00e9duisant le gaspillage. Sa pompe ergonomique d\u00e9livre une mousse fine et homog\u00e8ne, id\u00e9ale pour un travail propre, rapide et professionnel.","robots":{"index":"index","follow":"follow","max-snippet":"max-snippet:-1","max-image-preview":"max-image-preview:large","max-video-preview":"max-video-preview:-1"},"canonical":"https:\/\/www.lpnnails.fr\/en\/product\/spray-moussant\/","og_locale":"en_US","og_type":"article","og_title":"Spray moussant - LPN Nails","og_description":"D\u00e9couvrez le Spray Moussant 30ml LPN Nails, l\u2019accessoire id\u00e9al pour transformer vos liquides en mousse l\u00e9g\u00e8re, \u00e9conomique et facile \u00e0 appliquer. Parfait pour le cleaner, le savon ou les solutions nettoyantes, il permet une utilisation contr\u00f4l\u00e9e tout en r\u00e9duisant le gaspillage. Sa pompe ergonomique d\u00e9livre une mousse fine et homog\u00e8ne, id\u00e9ale pour un travail propre, rapide et professionnel.","og_url":"https:\/\/www.lpnnails.fr\/en\/product\/spray-moussant\/","og_site_name":"LPN Nails","article_publisher":"https:\/\/www.facebook.com\/profile.php?id=61573655313488#","article_modified_time":"2026-05-07T13:39:56+00:00","og_image":[{"width":1024,"height":1024,"url":"https:\/\/www.lpnnails.fr\/wp-content\/uploads\/2026\/05\/spray-moussant-2.jpg","type":"image\/jpeg"}],"twitter_card":"summary_large_image","twitter_misc":{"Est. reading time":"2 minutes"},"schema":{"@context":"https:\/\/schema.org","@graph":[{"@type":"WebPage","@id":"https:\/\/www.lpnnails.fr\/produit\/spray-moussant\/","url":"https:\/\/www.lpnnails.fr\/produit\/spray-moussant\/","name":"Spray moussant - LPN Nails","isPartOf":{"@id":"https:\/\/www.lpnnails.fr\/#website"},"primaryImageOfPage":{"@id":"https:\/\/www.lpnnails.fr\/produit\/spray-moussant\/#primaryimage"},"image":{"@id":"https:\/\/www.lpnnails.fr\/produit\/spray-moussant\/#primaryimage"},"thumbnailUrl":"https:\/\/www.lpnnails.fr\/wp-content\/uploads\/2026\/05\/spray-moussant-2.jpg","datePublished":"2026-05-07T13:32:55+00:00","dateModified":"2026-05-07T13:39:56+00:00","description":"D\u00e9couvrez le Spray Moussant 30ml LPN Nails, l\u2019accessoire id\u00e9al pour transformer vos liquides en mousse l\u00e9g\u00e8re, \u00e9conomique et facile \u00e0 appliquer. Parfait pour le cleaner, le savon ou les solutions nettoyantes, il permet une utilisation contr\u00f4l\u00e9e tout en r\u00e9duisant le gaspillage. Sa pompe ergonomique d\u00e9livre une mousse fine et homog\u00e8ne, id\u00e9ale pour un travail propre, rapide et professionnel.","breadcrumb":{"@id":"https:\/\/www.lpnnails.fr\/produit\/spray-moussant\/#breadcrumb"},"inLanguage":"en-US","potentialAction":[{"@type":"ReadAction","target":["https:\/\/www.lpnnails.fr\/produit\/spray-moussant\/"]}]},{"@type":"ImageObject","inLanguage":"en-US","@id":"https:\/\/www.lpnnails.fr\/produit\/spray-moussant\/#primaryimage","url":"https:\/\/www.lpnnails.fr\/wp-content\/uploads\/2026\/05\/spray-moussant-2.jpg","contentUrl":"https:\/\/www.lpnnails.fr\/wp-content\/uploads\/2026\/05\/spray-moussant-2.jpg","width":1024,"height":1024,"caption":"spray moussant"},{"@type":"BreadcrumbList","@id":"https:\/\/www.lpnnails.fr\/produit\/spray-moussant\/#breadcrumb","itemListElement":[{"@type":"ListItem","position":1,"name":"Accueil","item":"https:\/\/www.lpnnails.fr\/"},{"@type":"ListItem","position":2,"name":"Boutique","item":"https:\/\/www.lpnnails.fr\/boutique\/"},{"@type":"ListItem","position":3,"name":"Spray moussant"}]},{"@type":"WebSite","@id":"https:\/\/www.lpnnails.fr\/#website","url":"https:\/\/www.lpnnails.fr\/","name":"LPN Nails","description":"","publisher":{"@id":"https:\/\/www.lpnnails.fr\/#organization"},"potentialAction":[{"@type":"SearchAction","target":{"@type":"EntryPoint","urlTemplate":"https:\/\/www.lpnnails.fr\/?s={search_term_string}"},"query-input":{"@type":"PropertyValueSpecification","valueRequired":true,"valueName":"search_term_string"}}],"inLanguage":"en-US"},{"@type":"Organization","@id":"https:\/\/www.lpnnails.fr\/#organization","name":"LPN Nails","url":"https:\/\/www.lpnnails.fr\/","logo":{"@type":"ImageObject","inLanguage":"en-US","@id":"https:\/\/www.lpnnails.fr\/#\/schema\/logo\/image\/","url":"https:\/\/www.lpnnails.fr\/wp-content\/uploads\/2025\/11\/Design-sans-titre-2.png","contentUrl":"https:\/\/www.lpnnails.fr\/wp-content\/uploads\/2025\/11\/Design-sans-titre-2.png","width":512,"height":512,"caption":"LPN Nails"},"image":{"@id":"https:\/\/www.lpnnails.fr\/#\/schema\/logo\/image\/"},"sameAs":["https:\/\/www.facebook.com\/profile.php?id=61573655313488#","https:\/\/www.instagram.com\/lpnnails\/","https:\/\/www.linkedin.com\/company\/lpnnails\/","https:\/\/www.youtube.com\/@LPNNails\/"]}]}},"uagb_featured_image_src":{"full":["https:\/\/www.lpnnails.fr\/wp-content\/uploads\/2026\/05\/spray-moussant-2.jpg",1024,1024,false],"thumbnail":["https:\/\/www.lpnnails.fr\/wp-content\/uploads\/2026\/05\/spray-moussant-2-150x150.jpg",150,150,true],"medium":["https:\/\/www.lpnnails.fr\/wp-content\/uploads\/2026\/05\/spray-moussant-2-300x300.jpg",300,300,true],"medium_large":["https:\/\/www.lpnnails.fr\/wp-content\/uploads\/2026\/05\/spray-moussant-2-768x768.jpg",768,768,true],"large":["https:\/\/www.lpnnails.fr\/wp-content\/uploads\/2026\/05\/spray-moussant-2.jpg",1024,1024,false],"1536x1536":["https:\/\/www.lpnnails.fr\/wp-content\/uploads\/2026\/05\/spray-moussant-2.jpg",1024,1024,false],"2048x2048":["https:\/\/www.lpnnails.fr\/wp-content\/uploads\/2026\/05\/spray-moussant-2.jpg",1024,1024,false],"trp-custom-language-flag":["https:\/\/www.lpnnails.fr\/wp-content\/uploads\/2026\/05\/spray-moussant-2-12x12.jpg",12,12,true],"mailpoet_newsletter_max":["https:\/\/www.lpnnails.fr\/wp-content\/uploads\/2026\/05\/spray-moussant-2.jpg",1024,1024,false],"woocommerce_thumbnail":["https:\/\/www.lpnnails.fr\/wp-content\/uploads\/2026\/05\/spray-moussant-2-300x300.jpg",300,300,true],"woocommerce_single":["https:\/\/www.lpnnails.fr\/wp-content\/uploads\/2026\/05\/spray-moussant-2-600x600.jpg",600,600,true],"woocommerce_gallery_thumbnail":["https:\/\/www.lpnnails.fr\/wp-content\/uploads\/2026\/05\/spray-moussant-2-100x100.jpg",100,100,true],"variation_swatches_image_size":["https:\/\/www.lpnnails.fr\/wp-content\/uploads\/2026\/05\/spray-moussant-2-50x50.jpg",50,50,true],"variation_swatches_tooltip_size":["https:\/\/www.lpnnails.fr\/wp-content\/uploads\/2026\/05\/spray-moussant-2-100x100.jpg",100,100,true]},"uagb_author_info":{"display_name":"LPN Nails","author_link":"https:\/\/www.lpnnails.fr\/en\/author\/"},"uagb_comment_info":0,"uagb_excerpt":"D\u00e9couvrez le Spray Moussant 30ml LPN Nails, l\u2019accessoire id\u00e9al pour transformer vos liquides en mousse l\u00e9g\u00e8re, \u00e9conomique et facile \u00e0 [&hellip;]","_links":{"self":[{"href":"https:\/\/www.lpnnails.fr\/en\/wp-json\/wp\/v2\/product\/11190","targetHints":{"allow":["GET"]}}],"collection":[{"href":"https:\/\/www.lpnnails.fr\/en\/wp-json\/wp\/v2\/product"}],"about":[{"href":"https:\/\/www.lpnnails.fr\/en\/wp-json\/wp\/v2\/types\/product"}],"wp:featuredmedia":[{"embeddable":true,"href":"https:\/\/www.lpnnails.fr\/en\/wp-json\/wp\/v2\/media\/11191"}],"wp:attachment":[{"href":"https:\/\/www.lpnnails.fr\/en\/wp-json\/wp\/v2\/media?parent=11190"}],"wp:term":[{"taxonomy":"product_brand","embeddable":true,"href":"https:\/\/www.lpnnails.fr\/en\/wp-json\/wp\/v2\/product_brand?post=11190"},{"taxonomy":"product_cat","embeddable":true,"href":"https:\/\/www.lpnnails.fr\/en\/wp-json\/wp\/v2\/product_cat?post=11190"},{"taxonomy":"product_tag","embeddable":true,"href":"https:\/\/www.lpnnails.fr\/en\/wp-json\/wp\/v2\/product_tag?post=11190"}],"curies":[{"name":"wp","href":"https:\/\/api.w.org\/{rel}","templated":true}]}}