{"id":11187,"date":"2026-05-07T15:09:50","date_gmt":"2026-05-07T13:09:50","guid":{"rendered":"https:\/\/www.lpnnails.fr\/?post_type=product&#038;p=11187"},"modified":"2026-05-07T15:12:05","modified_gmt":"2026-05-07T13:12:05","slug":"liner-nail-art","status":"publish","type":"product","link":"https:\/\/www.lpnnails.fr\/en\/product\/liner-nail-art\/","title":{"rendered":"Nail art liner"},"content":{"rendered":"<p>Discover the <strong>LPN Nails Nail Art Liner<\/strong>, the essential tool for creating <strong>Fine features, precise lines, and artistic details<\/strong> With perfect control. Thanks to its long, flexible fibers, it allows you to easily create clean, even, and elegant designs. Ideal for precision nail art, it offers optimal control to enhance every application with finesse.<\/p>\n<p><strong>Features :<\/strong><\/p>\n<ul>\n<li><strong>Ultra-thin eyeliner brush<\/strong> Perfect for fine lines and precise details.<\/li>\n<li><strong>Long, flexible fibers<\/strong> : Ensure a smooth and continuous line.<\/li>\n<li><strong>High precision<\/strong> : Ideal for nail art, geometric patterns and arabesques.<\/li>\n<li><strong>Optimal control<\/strong> : Allows for clean, smudge-free work.<\/li>\n<li><strong>Ergonomic grip<\/strong> Comfort and stability during application.<\/li>\n<li><strong>Versatile use<\/strong> : Compatible with paint gels, gel liners, paint and varnish.<\/li>\n<\/ul>\n<p><strong>Instructions for use:<\/strong><\/p>\n<ol>\n<li><strong>Prepare the nail<\/strong> : Apply your base and your color, then cure.<\/li>\n<li><strong>Take a small amount<\/strong> of product with the liner brush.<\/li>\n<li><strong>Draw your lines<\/strong> with precision (lines, curves, patterns).<\/li>\n<li><strong>Work slowly<\/strong> for a clean and controlled result.<\/li>\n<li><strong>Catalyze<\/strong> under LED lamp for 60 seconds if necessary.<\/li>\n<li><strong>Finalize<\/strong> with a top coat to protect your design.<\/li>\n<\/ol>\n<p>With the <strong>LPN Nails Nail Art Liner Brush<\/strong>, Create precise, elegant and perfectly executed designs for a professional result with every installation!<\/p>","protected":false},"excerpt":{"rendered":"<p>D\u00e9couvrez le Liner Nail Art LPN Nails, l\u2019outil indispensable pour r\u00e9aliser des traits fins, lignes pr\u00e9cises et d\u00e9tails artistiques avec [&hellip;]<\/p>\n","protected":false},"featured_media":11189,"template":"","meta":{"_uag_custom_page_level_css":"","site-sidebar-layout":"default","site-content-layout":"","ast-site-content-layout":"default","site-content-style":"default","site-sidebar-style":"default","ast-global-header-display":"","ast-banner-title-visibility":"","ast-main-header-display":"","ast-hfb-above-header-display":"","ast-hfb-below-header-display":"","ast-hfb-mobile-header-display":"","site-post-title":"","ast-breadcrumbs-content":"","ast-featured-img":"","footer-sml-layout":"","ast-disable-related-posts":"","theme-transparent-header-meta":"default","adv-header-id-meta":"","stick-header-meta":"","header-above-stick-meta":"","header-main-stick-meta":"","header-below-stick-meta":"","astra-migrate-meta-layouts":"set","ast-page-background-enabled":"default","ast-page-background-meta":{"desktop":{"background-color":"var(--ast-global-color-4)","background-image":"","background-repeat":"repeat","background-position":"center center","background-size":"auto","background-attachment":"scroll","background-type":"","background-media":"","overlay-type":"","overlay-color":"","overlay-opacity":"","overlay-gradient":""},"tablet":{"background-color":"","background-image":"","background-repeat":"repeat","background-position":"center center","background-size":"auto","background-attachment":"scroll","background-type":"","background-media":"","overlay-type":"","overlay-color":"","overlay-opacity":"","overlay-gradient":""},"mobile":{"background-color":"","background-image":"","background-repeat":"repeat","background-position":"center center","background-size":"auto","background-attachment":"scroll","background-type":"","background-media":"","overlay-type":"","overlay-color":"","overlay-opacity":"","overlay-gradient":""}},"ast-content-background-meta":{"desktop":{"background-color":"var(--ast-global-color-5)","background-image":"","background-repeat":"repeat","background-position":"center center","background-size":"auto","background-attachment":"scroll","background-type":"","background-media":"","overlay-type":"","overlay-color":"","overlay-opacity":"","overlay-gradient":""},"tablet":{"background-color":"var(--ast-global-color-5)","background-image":"","background-repeat":"repeat","background-position":"center center","background-size":"auto","background-attachment":"scroll","background-type":"","background-media":"","overlay-type":"","overlay-color":"","overlay-opacity":"","overlay-gradient":""},"mobile":{"background-color":"var(--ast-global-color-5)","background-image":"","background-repeat":"repeat","background-position":"center center","background-size":"auto","background-attachment":"scroll","background-type":"","background-media":"","overlay-type":"","overlay-color":"","overlay-opacity":"","overlay-gradient":""}}},"product_brand":[254],"product_cat":[217,238,199],"product_tag":[],"class_list":{"0":"post-11187","1":"product","2":"type-product","3":"status-publish","4":"has-post-thumbnail","6":"product_brand-lpnnails","7":"product_cat-divers","8":"product_cat-nouveau","9":"product_cat-tous-les-produits","10":"desktop-align-left","11":"tablet-align-left","12":"mobile-align-left","14":"first","15":"instock","16":"shipping-taxable","17":"purchasable","18":"product-type-simple"},"yoast_head":"<!-- This site is optimized with the Yoast SEO plugin v27.6 - https:\/\/yoast.com\/product\/yoast-seo-wordpress\/ -->\n<title>Liner nail art - LPN Nails<\/title>\n<meta name=\"description\" content=\"D\u00e9couvrez le Liner Nail Art LPN Nails, l\u2019outil indispensable pour r\u00e9aliser des traits fins, lignes pr\u00e9cises et d\u00e9tails artistiques avec une ma\u00eetrise parfaite. Gr\u00e2ce \u00e0 ses fibres longues et souples, il permet de cr\u00e9er des designs nets, r\u00e9guliers et \u00e9l\u00e9gants en toute facilit\u00e9. Id\u00e9al pour le nail art de pr\u00e9cision, il offre un contr\u00f4le optimal pour sublimer chaque pose avec finesse.\" \/>\n<meta name=\"robots\" content=\"index, follow, max-snippet:-1, max-image-preview:large, max-video-preview:-1\" \/>\n<link rel=\"canonical\" href=\"https:\/\/www.lpnnails.fr\/en\/product\/liner-nail-art\/\" \/>\n<meta property=\"og:locale\" content=\"en_US\" \/>\n<meta property=\"og:type\" content=\"article\" \/>\n<meta property=\"og:title\" content=\"Liner nail art - LPN Nails\" \/>\n<meta property=\"og:description\" content=\"D\u00e9couvrez le Liner Nail Art LPN Nails, l\u2019outil indispensable pour r\u00e9aliser des traits fins, lignes pr\u00e9cises et d\u00e9tails artistiques avec une ma\u00eetrise parfaite. Gr\u00e2ce \u00e0 ses fibres longues et souples, il permet de cr\u00e9er des designs nets, r\u00e9guliers et \u00e9l\u00e9gants en toute facilit\u00e9. Id\u00e9al pour le nail art de pr\u00e9cision, il offre un contr\u00f4le optimal pour sublimer chaque pose avec finesse.\" \/>\n<meta property=\"og:url\" content=\"https:\/\/www.lpnnails.fr\/en\/product\/liner-nail-art\/\" \/>\n<meta property=\"og:site_name\" content=\"LPN Nails\" \/>\n<meta property=\"article:publisher\" content=\"https:\/\/www.facebook.com\/profile.php?id=61573655313488#\" \/>\n<meta property=\"article:modified_time\" content=\"2026-05-07T13:12:05+00:00\" \/>\n<meta property=\"og:image\" content=\"https:\/\/www.lpnnails.fr\/wp-content\/uploads\/2026\/05\/baton-melangeur-1.jpg\" \/>\n\t<meta property=\"og:image:width\" content=\"1024\" \/>\n\t<meta property=\"og:image:height\" content=\"1024\" \/>\n\t<meta property=\"og:image:type\" content=\"image\/jpeg\" \/>\n<meta name=\"twitter:card\" content=\"summary_large_image\" \/>\n<meta name=\"twitter:label1\" content=\"Est. reading time\" \/>\n\t<meta name=\"twitter:data1\" content=\"2 minutes\" \/>\n<script type=\"application\/ld+json\" class=\"yoast-schema-graph\">{\"@context\":\"https:\\\/\\\/schema.org\",\"@graph\":[{\"@type\":\"WebPage\",\"@id\":\"https:\\\/\\\/www.lpnnails.fr\\\/produit\\\/liner-nail-art\\\/\",\"url\":\"https:\\\/\\\/www.lpnnails.fr\\\/produit\\\/liner-nail-art\\\/\",\"name\":\"Liner nail art - LPN Nails\",\"isPartOf\":{\"@id\":\"https:\\\/\\\/www.lpnnails.fr\\\/#website\"},\"primaryImageOfPage\":{\"@id\":\"https:\\\/\\\/www.lpnnails.fr\\\/produit\\\/liner-nail-art\\\/#primaryimage\"},\"image\":{\"@id\":\"https:\\\/\\\/www.lpnnails.fr\\\/produit\\\/liner-nail-art\\\/#primaryimage\"},\"thumbnailUrl\":\"https:\\\/\\\/www.lpnnails.fr\\\/wp-content\\\/uploads\\\/2026\\\/05\\\/baton-melangeur-1.jpg\",\"datePublished\":\"2026-05-07T13:09:50+00:00\",\"dateModified\":\"2026-05-07T13:12:05+00:00\",\"description\":\"D\u00e9couvrez le Liner Nail Art LPN Nails, l\u2019outil indispensable pour r\u00e9aliser des traits fins, lignes pr\u00e9cises et d\u00e9tails artistiques avec une ma\u00eetrise parfaite. Gr\u00e2ce \u00e0 ses fibres longues et souples, il permet de cr\u00e9er des designs nets, r\u00e9guliers et \u00e9l\u00e9gants en toute facilit\u00e9. Id\u00e9al pour le nail art de pr\u00e9cision, il offre un contr\u00f4le optimal pour sublimer chaque pose avec finesse.\",\"breadcrumb\":{\"@id\":\"https:\\\/\\\/www.lpnnails.fr\\\/produit\\\/liner-nail-art\\\/#breadcrumb\"},\"inLanguage\":\"en-US\",\"potentialAction\":[{\"@type\":\"ReadAction\",\"target\":[\"https:\\\/\\\/www.lpnnails.fr\\\/produit\\\/liner-nail-art\\\/\"]}]},{\"@type\":\"ImageObject\",\"inLanguage\":\"en-US\",\"@id\":\"https:\\\/\\\/www.lpnnails.fr\\\/produit\\\/liner-nail-art\\\/#primaryimage\",\"url\":\"https:\\\/\\\/www.lpnnails.fr\\\/wp-content\\\/uploads\\\/2026\\\/05\\\/baton-melangeur-1.jpg\",\"contentUrl\":\"https:\\\/\\\/www.lpnnails.fr\\\/wp-content\\\/uploads\\\/2026\\\/05\\\/baton-melangeur-1.jpg\",\"width\":1024,\"height\":1024,\"caption\":\"liner nail art\"},{\"@type\":\"BreadcrumbList\",\"@id\":\"https:\\\/\\\/www.lpnnails.fr\\\/produit\\\/liner-nail-art\\\/#breadcrumb\",\"itemListElement\":[{\"@type\":\"ListItem\",\"position\":1,\"name\":\"Accueil\",\"item\":\"https:\\\/\\\/www.lpnnails.fr\\\/\"},{\"@type\":\"ListItem\",\"position\":2,\"name\":\"Boutique\",\"item\":\"https:\\\/\\\/www.lpnnails.fr\\\/boutique\\\/\"},{\"@type\":\"ListItem\",\"position\":3,\"name\":\"Liner nail art\"}]},{\"@type\":\"WebSite\",\"@id\":\"https:\\\/\\\/www.lpnnails.fr\\\/#website\",\"url\":\"https:\\\/\\\/www.lpnnails.fr\\\/\",\"name\":\"LPN Nails\",\"description\":\"\",\"publisher\":{\"@id\":\"https:\\\/\\\/www.lpnnails.fr\\\/#organization\"},\"potentialAction\":[{\"@type\":\"SearchAction\",\"target\":{\"@type\":\"EntryPoint\",\"urlTemplate\":\"https:\\\/\\\/www.lpnnails.fr\\\/?s={search_term_string}\"},\"query-input\":{\"@type\":\"PropertyValueSpecification\",\"valueRequired\":true,\"valueName\":\"search_term_string\"}}],\"inLanguage\":\"en-US\"},{\"@type\":\"Organization\",\"@id\":\"https:\\\/\\\/www.lpnnails.fr\\\/#organization\",\"name\":\"LPN Nails\",\"url\":\"https:\\\/\\\/www.lpnnails.fr\\\/\",\"logo\":{\"@type\":\"ImageObject\",\"inLanguage\":\"en-US\",\"@id\":\"https:\\\/\\\/www.lpnnails.fr\\\/#\\\/schema\\\/logo\\\/image\\\/\",\"url\":\"https:\\\/\\\/www.lpnnails.fr\\\/wp-content\\\/uploads\\\/2025\\\/11\\\/Design-sans-titre-2.png\",\"contentUrl\":\"https:\\\/\\\/www.lpnnails.fr\\\/wp-content\\\/uploads\\\/2025\\\/11\\\/Design-sans-titre-2.png\",\"width\":512,\"height\":512,\"caption\":\"LPN Nails\"},\"image\":{\"@id\":\"https:\\\/\\\/www.lpnnails.fr\\\/#\\\/schema\\\/logo\\\/image\\\/\"},\"sameAs\":[\"https:\\\/\\\/www.facebook.com\\\/profile.php?id=61573655313488#\",\"https:\\\/\\\/www.instagram.com\\\/lpnnails\\\/\",\"https:\\\/\\\/www.linkedin.com\\\/company\\\/lpnnails\\\/\",\"https:\\\/\\\/www.youtube.com\\\/@LPNNails\\\/\"]}]}<\/script>\n<!-- \/ Yoast SEO plugin. -->","yoast_head_json":{"title":"Liner nail art - LPN Nails","description":"D\u00e9couvrez le Liner Nail Art LPN Nails, l\u2019outil indispensable pour r\u00e9aliser des traits fins, lignes pr\u00e9cises et d\u00e9tails artistiques avec une ma\u00eetrise parfaite. Gr\u00e2ce \u00e0 ses fibres longues et souples, il permet de cr\u00e9er des designs nets, r\u00e9guliers et \u00e9l\u00e9gants en toute facilit\u00e9. Id\u00e9al pour le nail art de pr\u00e9cision, il offre un contr\u00f4le optimal pour sublimer chaque pose avec finesse.","robots":{"index":"index","follow":"follow","max-snippet":"max-snippet:-1","max-image-preview":"max-image-preview:large","max-video-preview":"max-video-preview:-1"},"canonical":"https:\/\/www.lpnnails.fr\/en\/product\/liner-nail-art\/","og_locale":"en_US","og_type":"article","og_title":"Liner nail art - LPN Nails","og_description":"D\u00e9couvrez le Liner Nail Art LPN Nails, l\u2019outil indispensable pour r\u00e9aliser des traits fins, lignes pr\u00e9cises et d\u00e9tails artistiques avec une ma\u00eetrise parfaite. Gr\u00e2ce \u00e0 ses fibres longues et souples, il permet de cr\u00e9er des designs nets, r\u00e9guliers et \u00e9l\u00e9gants en toute facilit\u00e9. Id\u00e9al pour le nail art de pr\u00e9cision, il offre un contr\u00f4le optimal pour sublimer chaque pose avec finesse.","og_url":"https:\/\/www.lpnnails.fr\/en\/product\/liner-nail-art\/","og_site_name":"LPN Nails","article_publisher":"https:\/\/www.facebook.com\/profile.php?id=61573655313488#","article_modified_time":"2026-05-07T13:12:05+00:00","og_image":[{"width":1024,"height":1024,"url":"https:\/\/www.lpnnails.fr\/wp-content\/uploads\/2026\/05\/baton-melangeur-1.jpg","type":"image\/jpeg"}],"twitter_card":"summary_large_image","twitter_misc":{"Est. reading time":"2 minutes"},"schema":{"@context":"https:\/\/schema.org","@graph":[{"@type":"WebPage","@id":"https:\/\/www.lpnnails.fr\/produit\/liner-nail-art\/","url":"https:\/\/www.lpnnails.fr\/produit\/liner-nail-art\/","name":"Liner nail art - LPN Nails","isPartOf":{"@id":"https:\/\/www.lpnnails.fr\/#website"},"primaryImageOfPage":{"@id":"https:\/\/www.lpnnails.fr\/produit\/liner-nail-art\/#primaryimage"},"image":{"@id":"https:\/\/www.lpnnails.fr\/produit\/liner-nail-art\/#primaryimage"},"thumbnailUrl":"https:\/\/www.lpnnails.fr\/wp-content\/uploads\/2026\/05\/baton-melangeur-1.jpg","datePublished":"2026-05-07T13:09:50+00:00","dateModified":"2026-05-07T13:12:05+00:00","description":"D\u00e9couvrez le Liner Nail Art LPN Nails, l\u2019outil indispensable pour r\u00e9aliser des traits fins, lignes pr\u00e9cises et d\u00e9tails artistiques avec une ma\u00eetrise parfaite. Gr\u00e2ce \u00e0 ses fibres longues et souples, il permet de cr\u00e9er des designs nets, r\u00e9guliers et \u00e9l\u00e9gants en toute facilit\u00e9. Id\u00e9al pour le nail art de pr\u00e9cision, il offre un contr\u00f4le optimal pour sublimer chaque pose avec finesse.","breadcrumb":{"@id":"https:\/\/www.lpnnails.fr\/produit\/liner-nail-art\/#breadcrumb"},"inLanguage":"en-US","potentialAction":[{"@type":"ReadAction","target":["https:\/\/www.lpnnails.fr\/produit\/liner-nail-art\/"]}]},{"@type":"ImageObject","inLanguage":"en-US","@id":"https:\/\/www.lpnnails.fr\/produit\/liner-nail-art\/#primaryimage","url":"https:\/\/www.lpnnails.fr\/wp-content\/uploads\/2026\/05\/baton-melangeur-1.jpg","contentUrl":"https:\/\/www.lpnnails.fr\/wp-content\/uploads\/2026\/05\/baton-melangeur-1.jpg","width":1024,"height":1024,"caption":"liner nail art"},{"@type":"BreadcrumbList","@id":"https:\/\/www.lpnnails.fr\/produit\/liner-nail-art\/#breadcrumb","itemListElement":[{"@type":"ListItem","position":1,"name":"Accueil","item":"https:\/\/www.lpnnails.fr\/"},{"@type":"ListItem","position":2,"name":"Boutique","item":"https:\/\/www.lpnnails.fr\/boutique\/"},{"@type":"ListItem","position":3,"name":"Liner nail art"}]},{"@type":"WebSite","@id":"https:\/\/www.lpnnails.fr\/#website","url":"https:\/\/www.lpnnails.fr\/","name":"LPN Nails","description":"","publisher":{"@id":"https:\/\/www.lpnnails.fr\/#organization"},"potentialAction":[{"@type":"SearchAction","target":{"@type":"EntryPoint","urlTemplate":"https:\/\/www.lpnnails.fr\/?s={search_term_string}"},"query-input":{"@type":"PropertyValueSpecification","valueRequired":true,"valueName":"search_term_string"}}],"inLanguage":"en-US"},{"@type":"Organization","@id":"https:\/\/www.lpnnails.fr\/#organization","name":"LPN Nails","url":"https:\/\/www.lpnnails.fr\/","logo":{"@type":"ImageObject","inLanguage":"en-US","@id":"https:\/\/www.lpnnails.fr\/#\/schema\/logo\/image\/","url":"https:\/\/www.lpnnails.fr\/wp-content\/uploads\/2025\/11\/Design-sans-titre-2.png","contentUrl":"https:\/\/www.lpnnails.fr\/wp-content\/uploads\/2025\/11\/Design-sans-titre-2.png","width":512,"height":512,"caption":"LPN Nails"},"image":{"@id":"https:\/\/www.lpnnails.fr\/#\/schema\/logo\/image\/"},"sameAs":["https:\/\/www.facebook.com\/profile.php?id=61573655313488#","https:\/\/www.instagram.com\/lpnnails\/","https:\/\/www.linkedin.com\/company\/lpnnails\/","https:\/\/www.youtube.com\/@LPNNails\/"]}]}},"uagb_featured_image_src":{"full":["https:\/\/www.lpnnails.fr\/wp-content\/uploads\/2026\/05\/baton-melangeur-1.jpg",1024,1024,false],"thumbnail":["https:\/\/www.lpnnails.fr\/wp-content\/uploads\/2026\/05\/baton-melangeur-1-150x150.jpg",150,150,true],"medium":["https:\/\/www.lpnnails.fr\/wp-content\/uploads\/2026\/05\/baton-melangeur-1-300x300.jpg",300,300,true],"medium_large":["https:\/\/www.lpnnails.fr\/wp-content\/uploads\/2026\/05\/baton-melangeur-1-768x768.jpg",768,768,true],"large":["https:\/\/www.lpnnails.fr\/wp-content\/uploads\/2026\/05\/baton-melangeur-1.jpg",1024,1024,false],"1536x1536":["https:\/\/www.lpnnails.fr\/wp-content\/uploads\/2026\/05\/baton-melangeur-1.jpg",1024,1024,false],"2048x2048":["https:\/\/www.lpnnails.fr\/wp-content\/uploads\/2026\/05\/baton-melangeur-1.jpg",1024,1024,false],"trp-custom-language-flag":["https:\/\/www.lpnnails.fr\/wp-content\/uploads\/2026\/05\/baton-melangeur-1-12x12.jpg",12,12,true],"mailpoet_newsletter_max":["https:\/\/www.lpnnails.fr\/wp-content\/uploads\/2026\/05\/baton-melangeur-1.jpg",1024,1024,false],"woocommerce_thumbnail":["https:\/\/www.lpnnails.fr\/wp-content\/uploads\/2026\/05\/baton-melangeur-1-300x300.jpg",300,300,true],"woocommerce_single":["https:\/\/www.lpnnails.fr\/wp-content\/uploads\/2026\/05\/baton-melangeur-1-600x600.jpg",600,600,true],"woocommerce_gallery_thumbnail":["https:\/\/www.lpnnails.fr\/wp-content\/uploads\/2026\/05\/baton-melangeur-1-100x100.jpg",100,100,true],"variation_swatches_image_size":["https:\/\/www.lpnnails.fr\/wp-content\/uploads\/2026\/05\/baton-melangeur-1-50x50.jpg",50,50,true],"variation_swatches_tooltip_size":["https:\/\/www.lpnnails.fr\/wp-content\/uploads\/2026\/05\/baton-melangeur-1-100x100.jpg",100,100,true]},"uagb_author_info":{"display_name":"LPN Nails","author_link":"https:\/\/www.lpnnails.fr\/en\/author\/"},"uagb_comment_info":0,"uagb_excerpt":"D\u00e9couvrez le Liner Nail Art LPN Nails, l\u2019outil indispensable pour r\u00e9aliser des traits fins, lignes pr\u00e9cises et d\u00e9tails artistiques avec [&hellip;]","_links":{"self":[{"href":"https:\/\/www.lpnnails.fr\/en\/wp-json\/wp\/v2\/product\/11187","targetHints":{"allow":["GET"]}}],"collection":[{"href":"https:\/\/www.lpnnails.fr\/en\/wp-json\/wp\/v2\/product"}],"about":[{"href":"https:\/\/www.lpnnails.fr\/en\/wp-json\/wp\/v2\/types\/product"}],"wp:featuredmedia":[{"embeddable":true,"href":"https:\/\/www.lpnnails.fr\/en\/wp-json\/wp\/v2\/media\/11189"}],"wp:attachment":[{"href":"https:\/\/www.lpnnails.fr\/en\/wp-json\/wp\/v2\/media?parent=11187"}],"wp:term":[{"taxonomy":"product_brand","embeddable":true,"href":"https:\/\/www.lpnnails.fr\/en\/wp-json\/wp\/v2\/product_brand?post=11187"},{"taxonomy":"product_cat","embeddable":true,"href":"https:\/\/www.lpnnails.fr\/en\/wp-json\/wp\/v2\/product_cat?post=11187"},{"taxonomy":"product_tag","embeddable":true,"href":"https:\/\/www.lpnnails.fr\/en\/wp-json\/wp\/v2\/product_tag?post=11187"}],"curies":[{"name":"wp","href":"https:\/\/api.w.org\/{rel}","templated":true}]}}