{"id":11166,"date":"2026-05-07T10:51:15","date_gmt":"2026-05-07T08:51:15","guid":{"rendered":"https:\/\/www.lpnnails.fr\/?post_type=product&#038;p=11166"},"modified":"2026-05-07T10:51:15","modified_gmt":"2026-05-07T08:51:15","slug":"aimant-3-en-1","status":"publish","type":"product","link":"https:\/\/www.lpnnails.fr\/en\/product\/aimant-3-en-1\/","title":{"rendered":"3-in-1 Magnet"},"content":{"rendered":"<p>Discover the\u2019<strong>LPN Nails 3-in-1 Magnet<\/strong>, an indispensable tool for creating <strong>precise, intense and varied cat-eye effects<\/strong>. Thanks to its three magnetic tips, it allows you to play with magnetic particles to create unique designs: luminous lines, halos, or creative patterns. Its ergonomic grip and compact size make it an ideal tool for quick, clean, and perfectly controlled work.<\/p>\n<p><strong>Features :<\/strong><\/p>\n<ul>\n<li><strong>3-in-1 tool<\/strong> Three different tips to vary the cat eye effects.<\/li>\n<li><strong>Multiple effects<\/strong> Straight lines, halo effect, floral patterns or gradients.<\/li>\n<li><strong>Optimal magnetic power<\/strong> : Effectively attracts pigments for a crisp finish.<\/li>\n<li><strong>Easy to use<\/strong> Ergonomic pen format for precise control.<\/li>\n<li><strong>Compact design<\/strong> : Ideal for professional or home use.<\/li>\n<li><strong>Quality materials<\/strong> : Wooden body with strong magnetic tips.<\/li>\n<\/ul>\n<p><strong>Instructions for use:<\/strong><\/p>\n<ol>\n<li><strong>Prepare the nail<\/strong> : prepare your usual preparation and apply a base, then catalyze.<\/li>\n<li><strong>Apply a cat eye gel<\/strong> of your choice, without catalyzing immediately.<\/li>\n<li><strong>Bring the magnet closer<\/strong> using the desired nozzle to move the magnetic particles.<\/li>\n<li><strong>Create the desired effect<\/strong> : line, central reflection, halo or artistic motif.<\/li>\n<li><strong>Once the rendering is obtained<\/strong>, catalyze under LED lamp for 60 seconds.<\/li>\n<li><strong>Finalize<\/strong> with a top coat to fix and enhance the effect.<\/li>\n<\/ol>\n<p>With the <strong>LPN Nails 3-in-1 Magnetic Pen<\/strong>, give free rein to your creativity and<\/p>","protected":false},"excerpt":{"rendered":"<p>D\u00e9couvrez l&#8217;Aimant\u00a03-en-1 LPN Nails, un outil indispensable pour cr\u00e9er des effets cat eye pr\u00e9cis, intenses et vari\u00e9s. Gr\u00e2ce \u00e0 ses [&hellip;]<\/p>\n","protected":false},"featured_media":11169,"template":"","meta":{"_uag_custom_page_level_css":"","site-sidebar-layout":"default","site-content-layout":"","ast-site-content-layout":"default","site-content-style":"default","site-sidebar-style":"default","ast-global-header-display":"","ast-banner-title-visibility":"","ast-main-header-display":"","ast-hfb-above-header-display":"","ast-hfb-below-header-display":"","ast-hfb-mobile-header-display":"","site-post-title":"","ast-breadcrumbs-content":"","ast-featured-img":"","footer-sml-layout":"","ast-disable-related-posts":"","theme-transparent-header-meta":"default","adv-header-id-meta":"","stick-header-meta":"","header-above-stick-meta":"","header-main-stick-meta":"","header-below-stick-meta":"","astra-migrate-meta-layouts":"set","ast-page-background-enabled":"default","ast-page-background-meta":{"desktop":{"background-color":"var(--ast-global-color-4)","background-image":"","background-repeat":"repeat","background-position":"center center","background-size":"auto","background-attachment":"scroll","background-type":"","background-media":"","overlay-type":"","overlay-color":"","overlay-opacity":"","overlay-gradient":""},"tablet":{"background-color":"","background-image":"","background-repeat":"repeat","background-position":"center center","background-size":"auto","background-attachment":"scroll","background-type":"","background-media":"","overlay-type":"","overlay-color":"","overlay-opacity":"","overlay-gradient":""},"mobile":{"background-color":"","background-image":"","background-repeat":"repeat","background-position":"center center","background-size":"auto","background-attachment":"scroll","background-type":"","background-media":"","overlay-type":"","overlay-color":"","overlay-opacity":"","overlay-gradient":""}},"ast-content-background-meta":{"desktop":{"background-color":"var(--ast-global-color-5)","background-image":"","background-repeat":"repeat","background-position":"center center","background-size":"auto","background-attachment":"scroll","background-type":"","background-media":"","overlay-type":"","overlay-color":"","overlay-opacity":"","overlay-gradient":""},"tablet":{"background-color":"var(--ast-global-color-5)","background-image":"","background-repeat":"repeat","background-position":"center center","background-size":"auto","background-attachment":"scroll","background-type":"","background-media":"","overlay-type":"","overlay-color":"","overlay-opacity":"","overlay-gradient":""},"mobile":{"background-color":"var(--ast-global-color-5)","background-image":"","background-repeat":"repeat","background-position":"center center","background-size":"auto","background-attachment":"scroll","background-type":"","background-media":"","overlay-type":"","overlay-color":"","overlay-opacity":"","overlay-gradient":""}}},"product_brand":[254],"product_cat":[203,238,199],"product_tag":[],"class_list":{"0":"post-11166","1":"product","2":"type-product","3":"status-publish","4":"has-post-thumbnail","6":"product_brand-lpnnails","7":"product_cat-batons-magnetiques","8":"product_cat-nouveau","9":"product_cat-tous-les-produits","10":"desktop-align-left","11":"tablet-align-left","12":"mobile-align-left","14":"first","15":"instock","16":"shipping-taxable","17":"purchasable","18":"product-type-simple"},"yoast_head":"<!-- This site is optimized with the Yoast SEO plugin v27.6 - https:\/\/yoast.com\/product\/yoast-seo-wordpress\/ -->\n<title>Aimant 3 en 1 - LPN Nails<\/title>\n<meta name=\"description\" content=\"D\u00e9couvrez l&#039;Aimant\u00a03-en-1 LPN Nails, un outil indispensable pour cr\u00e9er des effets cat eye pr\u00e9cis, intenses et vari\u00e9s. Gr\u00e2ce \u00e0 ses trois embouts aimant\u00e9s, il permet de jouer avec les particules magn\u00e9tiques pour r\u00e9aliser des designs uniques : ligne lumineuse, halo ou motifs cr\u00e9atifs. Sa prise en main ergonomique et son format compact en font un alli\u00e9 id\u00e9al pour un travail rapide, propre et parfaitement ma\u00eetris\u00e9.\" \/>\n<meta name=\"robots\" content=\"index, follow, max-snippet:-1, max-image-preview:large, max-video-preview:-1\" \/>\n<link rel=\"canonical\" href=\"https:\/\/www.lpnnails.fr\/en\/product\/aimant-3-en-1\/\" \/>\n<meta property=\"og:locale\" content=\"en_US\" \/>\n<meta property=\"og:type\" content=\"article\" \/>\n<meta property=\"og:title\" content=\"Aimant 3 en 1 - LPN Nails\" \/>\n<meta property=\"og:description\" content=\"D\u00e9couvrez l&#039;Aimant\u00a03-en-1 LPN Nails, un outil indispensable pour cr\u00e9er des effets cat eye pr\u00e9cis, intenses et vari\u00e9s. Gr\u00e2ce \u00e0 ses trois embouts aimant\u00e9s, il permet de jouer avec les particules magn\u00e9tiques pour r\u00e9aliser des designs uniques : ligne lumineuse, halo ou motifs cr\u00e9atifs. Sa prise en main ergonomique et son format compact en font un alli\u00e9 id\u00e9al pour un travail rapide, propre et parfaitement ma\u00eetris\u00e9.\" \/>\n<meta property=\"og:url\" content=\"https:\/\/www.lpnnails.fr\/en\/product\/aimant-3-en-1\/\" \/>\n<meta property=\"og:site_name\" content=\"LPN Nails\" \/>\n<meta property=\"article:publisher\" content=\"https:\/\/www.facebook.com\/profile.php?id=61573655313488#\" \/>\n<meta property=\"og:image\" content=\"https:\/\/www.lpnnails.fr\/wp-content\/uploads\/2026\/05\/Aimant-3-en-1-2.jpg\" \/>\n\t<meta property=\"og:image:width\" content=\"1024\" \/>\n\t<meta property=\"og:image:height\" content=\"1024\" \/>\n\t<meta property=\"og:image:type\" content=\"image\/jpeg\" \/>\n<meta name=\"twitter:card\" content=\"summary_large_image\" \/>\n<meta name=\"twitter:label1\" content=\"Est. reading time\" \/>\n\t<meta name=\"twitter:data1\" content=\"2 minutes\" \/>\n<script type=\"application\/ld+json\" class=\"yoast-schema-graph\">{\"@context\":\"https:\\\/\\\/schema.org\",\"@graph\":[{\"@type\":\"WebPage\",\"@id\":\"https:\\\/\\\/www.lpnnails.fr\\\/produit\\\/aimant-3-en-1\\\/\",\"url\":\"https:\\\/\\\/www.lpnnails.fr\\\/produit\\\/aimant-3-en-1\\\/\",\"name\":\"Aimant 3 en 1 - LPN Nails\",\"isPartOf\":{\"@id\":\"https:\\\/\\\/www.lpnnails.fr\\\/#website\"},\"primaryImageOfPage\":{\"@id\":\"https:\\\/\\\/www.lpnnails.fr\\\/produit\\\/aimant-3-en-1\\\/#primaryimage\"},\"image\":{\"@id\":\"https:\\\/\\\/www.lpnnails.fr\\\/produit\\\/aimant-3-en-1\\\/#primaryimage\"},\"thumbnailUrl\":\"https:\\\/\\\/www.lpnnails.fr\\\/wp-content\\\/uploads\\\/2026\\\/05\\\/Aimant-3-en-1-2.jpg\",\"datePublished\":\"2026-05-07T08:51:15+00:00\",\"description\":\"D\u00e9couvrez l'Aimant\u00a03-en-1 LPN Nails, un outil indispensable pour cr\u00e9er des effets cat eye pr\u00e9cis, intenses et vari\u00e9s. Gr\u00e2ce \u00e0 ses trois embouts aimant\u00e9s, il permet de jouer avec les particules magn\u00e9tiques pour r\u00e9aliser des designs uniques : ligne lumineuse, halo ou motifs cr\u00e9atifs. Sa prise en main ergonomique et son format compact en font un alli\u00e9 id\u00e9al pour un travail rapide, propre et parfaitement ma\u00eetris\u00e9.\",\"breadcrumb\":{\"@id\":\"https:\\\/\\\/www.lpnnails.fr\\\/produit\\\/aimant-3-en-1\\\/#breadcrumb\"},\"inLanguage\":\"en-US\",\"potentialAction\":[{\"@type\":\"ReadAction\",\"target\":[\"https:\\\/\\\/www.lpnnails.fr\\\/produit\\\/aimant-3-en-1\\\/\"]}]},{\"@type\":\"ImageObject\",\"inLanguage\":\"en-US\",\"@id\":\"https:\\\/\\\/www.lpnnails.fr\\\/produit\\\/aimant-3-en-1\\\/#primaryimage\",\"url\":\"https:\\\/\\\/www.lpnnails.fr\\\/wp-content\\\/uploads\\\/2026\\\/05\\\/Aimant-3-en-1-2.jpg\",\"contentUrl\":\"https:\\\/\\\/www.lpnnails.fr\\\/wp-content\\\/uploads\\\/2026\\\/05\\\/Aimant-3-en-1-2.jpg\",\"width\":1024,\"height\":1024,\"caption\":\"aimant 3 en 1\"},{\"@type\":\"BreadcrumbList\",\"@id\":\"https:\\\/\\\/www.lpnnails.fr\\\/produit\\\/aimant-3-en-1\\\/#breadcrumb\",\"itemListElement\":[{\"@type\":\"ListItem\",\"position\":1,\"name\":\"Accueil\",\"item\":\"https:\\\/\\\/www.lpnnails.fr\\\/\"},{\"@type\":\"ListItem\",\"position\":2,\"name\":\"Boutique\",\"item\":\"https:\\\/\\\/www.lpnnails.fr\\\/boutique\\\/\"},{\"@type\":\"ListItem\",\"position\":3,\"name\":\"Aimant 3 en 1\"}]},{\"@type\":\"WebSite\",\"@id\":\"https:\\\/\\\/www.lpnnails.fr\\\/#website\",\"url\":\"https:\\\/\\\/www.lpnnails.fr\\\/\",\"name\":\"LPN Nails\",\"description\":\"\",\"publisher\":{\"@id\":\"https:\\\/\\\/www.lpnnails.fr\\\/#organization\"},\"potentialAction\":[{\"@type\":\"SearchAction\",\"target\":{\"@type\":\"EntryPoint\",\"urlTemplate\":\"https:\\\/\\\/www.lpnnails.fr\\\/?s={search_term_string}\"},\"query-input\":{\"@type\":\"PropertyValueSpecification\",\"valueRequired\":true,\"valueName\":\"search_term_string\"}}],\"inLanguage\":\"en-US\"},{\"@type\":\"Organization\",\"@id\":\"https:\\\/\\\/www.lpnnails.fr\\\/#organization\",\"name\":\"LPN Nails\",\"url\":\"https:\\\/\\\/www.lpnnails.fr\\\/\",\"logo\":{\"@type\":\"ImageObject\",\"inLanguage\":\"en-US\",\"@id\":\"https:\\\/\\\/www.lpnnails.fr\\\/#\\\/schema\\\/logo\\\/image\\\/\",\"url\":\"https:\\\/\\\/www.lpnnails.fr\\\/wp-content\\\/uploads\\\/2025\\\/11\\\/Design-sans-titre-2.png\",\"contentUrl\":\"https:\\\/\\\/www.lpnnails.fr\\\/wp-content\\\/uploads\\\/2025\\\/11\\\/Design-sans-titre-2.png\",\"width\":512,\"height\":512,\"caption\":\"LPN Nails\"},\"image\":{\"@id\":\"https:\\\/\\\/www.lpnnails.fr\\\/#\\\/schema\\\/logo\\\/image\\\/\"},\"sameAs\":[\"https:\\\/\\\/www.facebook.com\\\/profile.php?id=61573655313488#\",\"https:\\\/\\\/www.instagram.com\\\/lpnnails\\\/\",\"https:\\\/\\\/www.linkedin.com\\\/company\\\/lpnnails\\\/\",\"https:\\\/\\\/www.youtube.com\\\/@LPNNails\\\/\"]}]}<\/script>\n<!-- \/ Yoast SEO plugin. -->","yoast_head_json":{"title":"Aimant 3 en 1 - LPN Nails","description":"D\u00e9couvrez l'Aimant\u00a03-en-1 LPN Nails, un outil indispensable pour cr\u00e9er des effets cat eye pr\u00e9cis, intenses et vari\u00e9s. Gr\u00e2ce \u00e0 ses trois embouts aimant\u00e9s, il permet de jouer avec les particules magn\u00e9tiques pour r\u00e9aliser des designs uniques : ligne lumineuse, halo ou motifs cr\u00e9atifs. Sa prise en main ergonomique et son format compact en font un alli\u00e9 id\u00e9al pour un travail rapide, propre et parfaitement ma\u00eetris\u00e9.","robots":{"index":"index","follow":"follow","max-snippet":"max-snippet:-1","max-image-preview":"max-image-preview:large","max-video-preview":"max-video-preview:-1"},"canonical":"https:\/\/www.lpnnails.fr\/en\/product\/aimant-3-en-1\/","og_locale":"en_US","og_type":"article","og_title":"Aimant 3 en 1 - LPN Nails","og_description":"D\u00e9couvrez l'Aimant\u00a03-en-1 LPN Nails, un outil indispensable pour cr\u00e9er des effets cat eye pr\u00e9cis, intenses et vari\u00e9s. Gr\u00e2ce \u00e0 ses trois embouts aimant\u00e9s, il permet de jouer avec les particules magn\u00e9tiques pour r\u00e9aliser des designs uniques : ligne lumineuse, halo ou motifs cr\u00e9atifs. Sa prise en main ergonomique et son format compact en font un alli\u00e9 id\u00e9al pour un travail rapide, propre et parfaitement ma\u00eetris\u00e9.","og_url":"https:\/\/www.lpnnails.fr\/en\/product\/aimant-3-en-1\/","og_site_name":"LPN Nails","article_publisher":"https:\/\/www.facebook.com\/profile.php?id=61573655313488#","og_image":[{"width":1024,"height":1024,"url":"https:\/\/www.lpnnails.fr\/wp-content\/uploads\/2026\/05\/Aimant-3-en-1-2.jpg","type":"image\/jpeg"}],"twitter_card":"summary_large_image","twitter_misc":{"Est. reading time":"2 minutes"},"schema":{"@context":"https:\/\/schema.org","@graph":[{"@type":"WebPage","@id":"https:\/\/www.lpnnails.fr\/produit\/aimant-3-en-1\/","url":"https:\/\/www.lpnnails.fr\/produit\/aimant-3-en-1\/","name":"Aimant 3 en 1 - LPN Nails","isPartOf":{"@id":"https:\/\/www.lpnnails.fr\/#website"},"primaryImageOfPage":{"@id":"https:\/\/www.lpnnails.fr\/produit\/aimant-3-en-1\/#primaryimage"},"image":{"@id":"https:\/\/www.lpnnails.fr\/produit\/aimant-3-en-1\/#primaryimage"},"thumbnailUrl":"https:\/\/www.lpnnails.fr\/wp-content\/uploads\/2026\/05\/Aimant-3-en-1-2.jpg","datePublished":"2026-05-07T08:51:15+00:00","description":"D\u00e9couvrez l'Aimant\u00a03-en-1 LPN Nails, un outil indispensable pour cr\u00e9er des effets cat eye pr\u00e9cis, intenses et vari\u00e9s. Gr\u00e2ce \u00e0 ses trois embouts aimant\u00e9s, il permet de jouer avec les particules magn\u00e9tiques pour r\u00e9aliser des designs uniques : ligne lumineuse, halo ou motifs cr\u00e9atifs. Sa prise en main ergonomique et son format compact en font un alli\u00e9 id\u00e9al pour un travail rapide, propre et parfaitement ma\u00eetris\u00e9.","breadcrumb":{"@id":"https:\/\/www.lpnnails.fr\/produit\/aimant-3-en-1\/#breadcrumb"},"inLanguage":"en-US","potentialAction":[{"@type":"ReadAction","target":["https:\/\/www.lpnnails.fr\/produit\/aimant-3-en-1\/"]}]},{"@type":"ImageObject","inLanguage":"en-US","@id":"https:\/\/www.lpnnails.fr\/produit\/aimant-3-en-1\/#primaryimage","url":"https:\/\/www.lpnnails.fr\/wp-content\/uploads\/2026\/05\/Aimant-3-en-1-2.jpg","contentUrl":"https:\/\/www.lpnnails.fr\/wp-content\/uploads\/2026\/05\/Aimant-3-en-1-2.jpg","width":1024,"height":1024,"caption":"aimant 3 en 1"},{"@type":"BreadcrumbList","@id":"https:\/\/www.lpnnails.fr\/produit\/aimant-3-en-1\/#breadcrumb","itemListElement":[{"@type":"ListItem","position":1,"name":"Accueil","item":"https:\/\/www.lpnnails.fr\/"},{"@type":"ListItem","position":2,"name":"Boutique","item":"https:\/\/www.lpnnails.fr\/boutique\/"},{"@type":"ListItem","position":3,"name":"Aimant 3 en 1"}]},{"@type":"WebSite","@id":"https:\/\/www.lpnnails.fr\/#website","url":"https:\/\/www.lpnnails.fr\/","name":"LPN Nails","description":"","publisher":{"@id":"https:\/\/www.lpnnails.fr\/#organization"},"potentialAction":[{"@type":"SearchAction","target":{"@type":"EntryPoint","urlTemplate":"https:\/\/www.lpnnails.fr\/?s={search_term_string}"},"query-input":{"@type":"PropertyValueSpecification","valueRequired":true,"valueName":"search_term_string"}}],"inLanguage":"en-US"},{"@type":"Organization","@id":"https:\/\/www.lpnnails.fr\/#organization","name":"LPN Nails","url":"https:\/\/www.lpnnails.fr\/","logo":{"@type":"ImageObject","inLanguage":"en-US","@id":"https:\/\/www.lpnnails.fr\/#\/schema\/logo\/image\/","url":"https:\/\/www.lpnnails.fr\/wp-content\/uploads\/2025\/11\/Design-sans-titre-2.png","contentUrl":"https:\/\/www.lpnnails.fr\/wp-content\/uploads\/2025\/11\/Design-sans-titre-2.png","width":512,"height":512,"caption":"LPN Nails"},"image":{"@id":"https:\/\/www.lpnnails.fr\/#\/schema\/logo\/image\/"},"sameAs":["https:\/\/www.facebook.com\/profile.php?id=61573655313488#","https:\/\/www.instagram.com\/lpnnails\/","https:\/\/www.linkedin.com\/company\/lpnnails\/","https:\/\/www.youtube.com\/@LPNNails\/"]}]}},"uagb_featured_image_src":{"full":["https:\/\/www.lpnnails.fr\/wp-content\/uploads\/2026\/05\/Aimant-3-en-1-2.jpg",1024,1024,false],"thumbnail":["https:\/\/www.lpnnails.fr\/wp-content\/uploads\/2026\/05\/Aimant-3-en-1-2-150x150.jpg",150,150,true],"medium":["https:\/\/www.lpnnails.fr\/wp-content\/uploads\/2026\/05\/Aimant-3-en-1-2-300x300.jpg",300,300,true],"medium_large":["https:\/\/www.lpnnails.fr\/wp-content\/uploads\/2026\/05\/Aimant-3-en-1-2-768x768.jpg",768,768,true],"large":["https:\/\/www.lpnnails.fr\/wp-content\/uploads\/2026\/05\/Aimant-3-en-1-2.jpg",1024,1024,false],"1536x1536":["https:\/\/www.lpnnails.fr\/wp-content\/uploads\/2026\/05\/Aimant-3-en-1-2.jpg",1024,1024,false],"2048x2048":["https:\/\/www.lpnnails.fr\/wp-content\/uploads\/2026\/05\/Aimant-3-en-1-2.jpg",1024,1024,false],"trp-custom-language-flag":["https:\/\/www.lpnnails.fr\/wp-content\/uploads\/2026\/05\/Aimant-3-en-1-2-12x12.jpg",12,12,true],"mailpoet_newsletter_max":["https:\/\/www.lpnnails.fr\/wp-content\/uploads\/2026\/05\/Aimant-3-en-1-2.jpg",1024,1024,false],"woocommerce_thumbnail":["https:\/\/www.lpnnails.fr\/wp-content\/uploads\/2026\/05\/Aimant-3-en-1-2-300x300.jpg",300,300,true],"woocommerce_single":["https:\/\/www.lpnnails.fr\/wp-content\/uploads\/2026\/05\/Aimant-3-en-1-2-600x600.jpg",600,600,true],"woocommerce_gallery_thumbnail":["https:\/\/www.lpnnails.fr\/wp-content\/uploads\/2026\/05\/Aimant-3-en-1-2-100x100.jpg",100,100,true],"variation_swatches_image_size":["https:\/\/www.lpnnails.fr\/wp-content\/uploads\/2026\/05\/Aimant-3-en-1-2-50x50.jpg",50,50,true],"variation_swatches_tooltip_size":["https:\/\/www.lpnnails.fr\/wp-content\/uploads\/2026\/05\/Aimant-3-en-1-2-100x100.jpg",100,100,true]},"uagb_author_info":{"display_name":"LPN Nails","author_link":"https:\/\/www.lpnnails.fr\/en\/author\/"},"uagb_comment_info":0,"uagb_excerpt":"D\u00e9couvrez l&#8217;Aimant\u00a03-en-1 LPN Nails, un outil indispensable pour cr\u00e9er des effets cat eye pr\u00e9cis, intenses et vari\u00e9s. Gr\u00e2ce \u00e0 ses [&hellip;]","_links":{"self":[{"href":"https:\/\/www.lpnnails.fr\/en\/wp-json\/wp\/v2\/product\/11166","targetHints":{"allow":["GET"]}}],"collection":[{"href":"https:\/\/www.lpnnails.fr\/en\/wp-json\/wp\/v2\/product"}],"about":[{"href":"https:\/\/www.lpnnails.fr\/en\/wp-json\/wp\/v2\/types\/product"}],"wp:featuredmedia":[{"embeddable":true,"href":"https:\/\/www.lpnnails.fr\/en\/wp-json\/wp\/v2\/media\/11169"}],"wp:attachment":[{"href":"https:\/\/www.lpnnails.fr\/en\/wp-json\/wp\/v2\/media?parent=11166"}],"wp:term":[{"taxonomy":"product_brand","embeddable":true,"href":"https:\/\/www.lpnnails.fr\/en\/wp-json\/wp\/v2\/product_brand?post=11166"},{"taxonomy":"product_cat","embeddable":true,"href":"https:\/\/www.lpnnails.fr\/en\/wp-json\/wp\/v2\/product_cat?post=11166"},{"taxonomy":"product_tag","embeddable":true,"href":"https:\/\/www.lpnnails.fr\/en\/wp-json\/wp\/v2\/product_tag?post=11166"}],"curies":[{"name":"wp","href":"https:\/\/api.w.org\/{rel}","templated":true}]}}