{"id":10898,"date":"2026-04-13T11:32:07","date_gmt":"2026-04-13T09:32:07","guid":{"rendered":"https:\/\/www.lpnnails.fr\/?post_type=product&#038;p=10898"},"modified":"2026-05-12T00:45:37","modified_gmt":"2026-05-11T22:45:37","slug":"gel-perfect-french","status":"publish","type":"product","link":"https:\/\/www.lpnnails.fr\/en\/product\/gel-perfect-french\/","title":{"rendered":"Perfect French Gel"},"content":{"rendered":"<p>Discover the <strong>Perfect French<\/strong> sign <strong>LPN Nails<\/strong>, a 20g jar of gel specially formulated to make <strong>neat, opaque and perfectly defined white French nails<\/strong>. Its balanced texture allows for precise smile lines without smudging, for a professional and long-lasting result.<\/p>\n<p><strong>Features :<\/strong><\/p>\n<ul>\n<li><strong>French special gel<\/strong> : Ideal for drawing clean and precise smile lines.<\/li>\n<li><strong>Intense and opaque white<\/strong> : Perfect coverage for a radiant French manicure.<\/li>\n<li><strong>Texture controlled<\/strong> It does not run and makes it easier to apply with a liner brush.<\/li>\n<li><strong>Specific application<\/strong> : Allows you to easily adjust the thickness according to the desired effect.<\/li>\n<li><strong>Professional result<\/strong> : Clean and homogeneous smile line after catalysis.<\/li>\n<li><strong>UV\/LED compatible<\/strong> : Suitable for all professional protocols.<\/li>\n<\/ul>\n<p><strong>Instructions for use:<\/strong><\/p>\n<ol>\n<li><strong>Prepare the nail<\/strong> Push back your cuticles, mattify the plaque and apply your <strong>Nail Prep \/ Dehydrate LPN Nails<\/strong> if necessary.<\/li>\n<li><strong>Apply our Base Coat<\/strong> or a <strong>R<\/strong><strong style=\"font-size: 16px; font-style: normal;\">Uber Base LPN Nails<\/strong>\u00a0follow your usual protocol, then cure under LED lamp for 60 seconds.<\/li>\n<li><strong>Apply the gel of your choice<\/strong> for construction or color, then catalyze.<\/li>\n<li><strong>Take a small amount<\/strong> of <strong>Perfect French<\/strong> using a liner brush.<\/li>\n<li><strong>Draw the smile line<\/strong> with precision and adjust the intensity according to the desired effect.<\/li>\n<li><strong>Catalyze<\/strong> under LED lamp for 60 seconds.<\/li>\n<li><strong>If necessary<\/strong>, Apply a second coat for perfect opacity, then cure again.<\/li>\n<li><strong>Finish<\/strong> by applying a top coat, then catalyze for optimal hold.<\/li>\n<\/ol>\n<p>With the <strong>Perfect French LPN Nails<\/strong>, Create dazzling, clean and perfectly executed white French manicures!<\/p>","protected":false},"excerpt":{"rendered":"<p>D\u00e9couvrez le Perfect French sign\u00e9 LPN Nails, un gel en pot de 20 g sp\u00e9cialement formul\u00e9 pour r\u00e9aliser des french [&hellip;]<\/p>\n","protected":false},"featured_media":10902,"template":"","meta":{"_uag_custom_page_level_css":"","site-sidebar-layout":"default","site-content-layout":"","ast-site-content-layout":"default","site-content-style":"default","site-sidebar-style":"default","ast-global-header-display":"","ast-banner-title-visibility":"","ast-main-header-display":"","ast-hfb-above-header-display":"","ast-hfb-below-header-display":"","ast-hfb-mobile-header-display":"","site-post-title":"","ast-breadcrumbs-content":"","ast-featured-img":"","footer-sml-layout":"","ast-disable-related-posts":"","theme-transparent-header-meta":"default","adv-header-id-meta":"","stick-header-meta":"","header-above-stick-meta":"","header-main-stick-meta":"","header-below-stick-meta":"","astra-migrate-meta-layouts":"set","ast-page-background-enabled":"default","ast-page-background-meta":{"desktop":{"background-color":"var(--ast-global-color-4)","background-image":"","background-repeat":"repeat","background-position":"center center","background-size":"auto","background-attachment":"scroll","background-type":"","background-media":"","overlay-type":"","overlay-color":"","overlay-opacity":"","overlay-gradient":""},"tablet":{"background-color":"","background-image":"","background-repeat":"repeat","background-position":"center center","background-size":"auto","background-attachment":"scroll","background-type":"","background-media":"","overlay-type":"","overlay-color":"","overlay-opacity":"","overlay-gradient":""},"mobile":{"background-color":"","background-image":"","background-repeat":"repeat","background-position":"center center","background-size":"auto","background-attachment":"scroll","background-type":"","background-media":"","overlay-type":"","overlay-color":"","overlay-opacity":"","overlay-gradient":""}},"ast-content-background-meta":{"desktop":{"background-color":"var(--ast-global-color-5)","background-image":"","background-repeat":"repeat","background-position":"center center","background-size":"auto","background-attachment":"scroll","background-type":"","background-media":"","overlay-type":"","overlay-color":"","overlay-opacity":"","overlay-gradient":""},"tablet":{"background-color":"var(--ast-global-color-5)","background-image":"","background-repeat":"repeat","background-position":"center center","background-size":"auto","background-attachment":"scroll","background-type":"","background-media":"","overlay-type":"","overlay-color":"","overlay-opacity":"","overlay-gradient":""},"mobile":{"background-color":"var(--ast-global-color-5)","background-image":"","background-repeat":"repeat","background-position":"center center","background-size":"auto","background-attachment":"scroll","background-type":"","background-media":"","overlay-type":"","overlay-color":"","overlay-opacity":"","overlay-gradient":""}}},"product_brand":[254],"product_cat":[223,238,199],"product_tag":[],"class_list":{"0":"post-10898","1":"product","2":"type-product","3":"status-publish","4":"has-post-thumbnail","6":"product_brand-lpnnails","7":"product_cat-gels-d-art","8":"product_cat-nouveau","9":"product_cat-tous-les-produits","10":"pa_composition-acrylates-copolymer-hydroxypropyl-methacrylate-hydroxycyclohexyl-phenyl-ketone-bis-trimethylbenzoyl-phenylphosphine-oxide-silica-dimethicone-ci-77004","11":"pa_recommandations-conserver-dans-un-endroit-frais-a-labri-de-la-lumiere-et-de-la-chaleur-tenir-hors-de-portee-des-enfants-faire-un-test-cutane-si-sensibilite-aux-uv","12":"desktop-align-left","13":"tablet-align-left","14":"mobile-align-left","16":"first","17":"instock","18":"featured","19":"shipping-taxable","20":"purchasable","21":"product-type-simple"},"yoast_head":"<!-- This site is optimized with the Yoast SEO plugin v27.6 - https:\/\/yoast.com\/product\/yoast-seo-wordpress\/ -->\n<title>Gel Perfect French - LPN Nails<\/title>\n<meta name=\"description\" content=\"D\u00e9couvrez le Perfect French sign\u00e9 LPN Nails, un gel sp\u00e9cialement formul\u00e9 pour r\u00e9aliser des french blanches nettes, opaques et parfaitement d\u00e9finies. Sa texture \u00e9quilibr\u00e9e permet de dessiner une ligne de sourire pr\u00e9cise sans coulure, pour un rendu professionnel, lumineux et durable.\" \/>\n<meta name=\"robots\" content=\"index, follow, max-snippet:-1, max-image-preview:large, max-video-preview:-1\" \/>\n<link rel=\"canonical\" href=\"https:\/\/www.lpnnails.fr\/en\/product\/gel-perfect-french\/\" \/>\n<meta property=\"og:locale\" content=\"en_US\" \/>\n<meta property=\"og:type\" content=\"article\" \/>\n<meta property=\"og:title\" content=\"Gel Perfect French - LPN Nails\" \/>\n<meta property=\"og:description\" content=\"D\u00e9couvrez le Perfect French sign\u00e9 LPN Nails, un gel sp\u00e9cialement formul\u00e9 pour r\u00e9aliser des french blanches nettes, opaques et parfaitement d\u00e9finies. Sa texture \u00e9quilibr\u00e9e permet de dessiner une ligne de sourire pr\u00e9cise sans coulure, pour un rendu professionnel, lumineux et durable.\" \/>\n<meta property=\"og:url\" content=\"https:\/\/www.lpnnails.fr\/en\/product\/gel-perfect-french\/\" \/>\n<meta property=\"og:site_name\" content=\"LPN Nails\" \/>\n<meta property=\"article:publisher\" content=\"https:\/\/www.facebook.com\/profile.php?id=61573655313488#\" \/>\n<meta property=\"article:modified_time\" content=\"2026-05-11T22:45:37+00:00\" \/>\n<meta property=\"og:image\" content=\"https:\/\/www.lpnnails.fr\/wp-content\/uploads\/2026\/04\/gel-perfect-french.jpg\" \/>\n\t<meta property=\"og:image:width\" content=\"1024\" \/>\n\t<meta property=\"og:image:height\" content=\"1024\" \/>\n\t<meta property=\"og:image:type\" content=\"image\/jpeg\" \/>\n<meta name=\"twitter:card\" content=\"summary_large_image\" \/>\n<meta name=\"twitter:label1\" content=\"Est. reading time\" \/>\n\t<meta name=\"twitter:data1\" content=\"2 minutes\" \/>\n<script type=\"application\/ld+json\" class=\"yoast-schema-graph\">{\"@context\":\"https:\\\/\\\/schema.org\",\"@graph\":[{\"@type\":\"WebPage\",\"@id\":\"https:\\\/\\\/www.lpnnails.fr\\\/produit\\\/gel-perfect-french\\\/\",\"url\":\"https:\\\/\\\/www.lpnnails.fr\\\/produit\\\/gel-perfect-french\\\/\",\"name\":\"Gel Perfect French - LPN Nails\",\"isPartOf\":{\"@id\":\"https:\\\/\\\/www.lpnnails.fr\\\/#website\"},\"primaryImageOfPage\":{\"@id\":\"https:\\\/\\\/www.lpnnails.fr\\\/produit\\\/gel-perfect-french\\\/#primaryimage\"},\"image\":{\"@id\":\"https:\\\/\\\/www.lpnnails.fr\\\/produit\\\/gel-perfect-french\\\/#primaryimage\"},\"thumbnailUrl\":\"https:\\\/\\\/www.lpnnails.fr\\\/wp-content\\\/uploads\\\/2026\\\/04\\\/gel-perfect-french.jpg\",\"datePublished\":\"2026-04-13T09:32:07+00:00\",\"dateModified\":\"2026-05-11T22:45:37+00:00\",\"description\":\"D\u00e9couvrez le Perfect French sign\u00e9 LPN Nails, un gel sp\u00e9cialement formul\u00e9 pour r\u00e9aliser des french blanches nettes, opaques et parfaitement d\u00e9finies. Sa texture \u00e9quilibr\u00e9e permet de dessiner une ligne de sourire pr\u00e9cise sans coulure, pour un rendu professionnel, lumineux et durable.\",\"breadcrumb\":{\"@id\":\"https:\\\/\\\/www.lpnnails.fr\\\/produit\\\/gel-perfect-french\\\/#breadcrumb\"},\"inLanguage\":\"en-US\",\"potentialAction\":[{\"@type\":\"ReadAction\",\"target\":[\"https:\\\/\\\/www.lpnnails.fr\\\/produit\\\/gel-perfect-french\\\/\"]}]},{\"@type\":\"ImageObject\",\"inLanguage\":\"en-US\",\"@id\":\"https:\\\/\\\/www.lpnnails.fr\\\/produit\\\/gel-perfect-french\\\/#primaryimage\",\"url\":\"https:\\\/\\\/www.lpnnails.fr\\\/wp-content\\\/uploads\\\/2026\\\/04\\\/gel-perfect-french.jpg\",\"contentUrl\":\"https:\\\/\\\/www.lpnnails.fr\\\/wp-content\\\/uploads\\\/2026\\\/04\\\/gel-perfect-french.jpg\",\"width\":1024,\"height\":1024,\"caption\":\"gel perfect french\"},{\"@type\":\"BreadcrumbList\",\"@id\":\"https:\\\/\\\/www.lpnnails.fr\\\/produit\\\/gel-perfect-french\\\/#breadcrumb\",\"itemListElement\":[{\"@type\":\"ListItem\",\"position\":1,\"name\":\"Accueil\",\"item\":\"https:\\\/\\\/www.lpnnails.fr\\\/\"},{\"@type\":\"ListItem\",\"position\":2,\"name\":\"Boutique\",\"item\":\"https:\\\/\\\/www.lpnnails.fr\\\/boutique\\\/\"},{\"@type\":\"ListItem\",\"position\":3,\"name\":\"Gel Perfect French\"}]},{\"@type\":\"WebSite\",\"@id\":\"https:\\\/\\\/www.lpnnails.fr\\\/#website\",\"url\":\"https:\\\/\\\/www.lpnnails.fr\\\/\",\"name\":\"LPN Nails\",\"description\":\"\",\"publisher\":{\"@id\":\"https:\\\/\\\/www.lpnnails.fr\\\/#organization\"},\"potentialAction\":[{\"@type\":\"SearchAction\",\"target\":{\"@type\":\"EntryPoint\",\"urlTemplate\":\"https:\\\/\\\/www.lpnnails.fr\\\/?s={search_term_string}\"},\"query-input\":{\"@type\":\"PropertyValueSpecification\",\"valueRequired\":true,\"valueName\":\"search_term_string\"}}],\"inLanguage\":\"en-US\"},{\"@type\":\"Organization\",\"@id\":\"https:\\\/\\\/www.lpnnails.fr\\\/#organization\",\"name\":\"LPN Nails\",\"url\":\"https:\\\/\\\/www.lpnnails.fr\\\/\",\"logo\":{\"@type\":\"ImageObject\",\"inLanguage\":\"en-US\",\"@id\":\"https:\\\/\\\/www.lpnnails.fr\\\/#\\\/schema\\\/logo\\\/image\\\/\",\"url\":\"https:\\\/\\\/www.lpnnails.fr\\\/wp-content\\\/uploads\\\/2025\\\/11\\\/Design-sans-titre-2.png\",\"contentUrl\":\"https:\\\/\\\/www.lpnnails.fr\\\/wp-content\\\/uploads\\\/2025\\\/11\\\/Design-sans-titre-2.png\",\"width\":512,\"height\":512,\"caption\":\"LPN Nails\"},\"image\":{\"@id\":\"https:\\\/\\\/www.lpnnails.fr\\\/#\\\/schema\\\/logo\\\/image\\\/\"},\"sameAs\":[\"https:\\\/\\\/www.facebook.com\\\/profile.php?id=61573655313488#\",\"https:\\\/\\\/www.instagram.com\\\/lpnnails\\\/\",\"https:\\\/\\\/www.linkedin.com\\\/company\\\/lpnnails\\\/\",\"https:\\\/\\\/www.youtube.com\\\/@LPNNails\\\/\"]}]}<\/script>\n<!-- \/ Yoast SEO plugin. -->","yoast_head_json":{"title":"Gel Perfect French - LPN Nails","description":"D\u00e9couvrez le Perfect French sign\u00e9 LPN Nails, un gel sp\u00e9cialement formul\u00e9 pour r\u00e9aliser des french blanches nettes, opaques et parfaitement d\u00e9finies. Sa texture \u00e9quilibr\u00e9e permet de dessiner une ligne de sourire pr\u00e9cise sans coulure, pour un rendu professionnel, lumineux et durable.","robots":{"index":"index","follow":"follow","max-snippet":"max-snippet:-1","max-image-preview":"max-image-preview:large","max-video-preview":"max-video-preview:-1"},"canonical":"https:\/\/www.lpnnails.fr\/en\/product\/gel-perfect-french\/","og_locale":"en_US","og_type":"article","og_title":"Gel Perfect French - LPN Nails","og_description":"D\u00e9couvrez le Perfect French sign\u00e9 LPN Nails, un gel sp\u00e9cialement formul\u00e9 pour r\u00e9aliser des french blanches nettes, opaques et parfaitement d\u00e9finies. Sa texture \u00e9quilibr\u00e9e permet de dessiner une ligne de sourire pr\u00e9cise sans coulure, pour un rendu professionnel, lumineux et durable.","og_url":"https:\/\/www.lpnnails.fr\/en\/product\/gel-perfect-french\/","og_site_name":"LPN Nails","article_publisher":"https:\/\/www.facebook.com\/profile.php?id=61573655313488#","article_modified_time":"2026-05-11T22:45:37+00:00","og_image":[{"width":1024,"height":1024,"url":"https:\/\/www.lpnnails.fr\/wp-content\/uploads\/2026\/04\/gel-perfect-french.jpg","type":"image\/jpeg"}],"twitter_card":"summary_large_image","twitter_misc":{"Est. reading time":"2 minutes"},"schema":{"@context":"https:\/\/schema.org","@graph":[{"@type":"WebPage","@id":"https:\/\/www.lpnnails.fr\/produit\/gel-perfect-french\/","url":"https:\/\/www.lpnnails.fr\/produit\/gel-perfect-french\/","name":"Gel Perfect French - LPN Nails","isPartOf":{"@id":"https:\/\/www.lpnnails.fr\/#website"},"primaryImageOfPage":{"@id":"https:\/\/www.lpnnails.fr\/produit\/gel-perfect-french\/#primaryimage"},"image":{"@id":"https:\/\/www.lpnnails.fr\/produit\/gel-perfect-french\/#primaryimage"},"thumbnailUrl":"https:\/\/www.lpnnails.fr\/wp-content\/uploads\/2026\/04\/gel-perfect-french.jpg","datePublished":"2026-04-13T09:32:07+00:00","dateModified":"2026-05-11T22:45:37+00:00","description":"D\u00e9couvrez le Perfect French sign\u00e9 LPN Nails, un gel sp\u00e9cialement formul\u00e9 pour r\u00e9aliser des french blanches nettes, opaques et parfaitement d\u00e9finies. Sa texture \u00e9quilibr\u00e9e permet de dessiner une ligne de sourire pr\u00e9cise sans coulure, pour un rendu professionnel, lumineux et durable.","breadcrumb":{"@id":"https:\/\/www.lpnnails.fr\/produit\/gel-perfect-french\/#breadcrumb"},"inLanguage":"en-US","potentialAction":[{"@type":"ReadAction","target":["https:\/\/www.lpnnails.fr\/produit\/gel-perfect-french\/"]}]},{"@type":"ImageObject","inLanguage":"en-US","@id":"https:\/\/www.lpnnails.fr\/produit\/gel-perfect-french\/#primaryimage","url":"https:\/\/www.lpnnails.fr\/wp-content\/uploads\/2026\/04\/gel-perfect-french.jpg","contentUrl":"https:\/\/www.lpnnails.fr\/wp-content\/uploads\/2026\/04\/gel-perfect-french.jpg","width":1024,"height":1024,"caption":"gel perfect french"},{"@type":"BreadcrumbList","@id":"https:\/\/www.lpnnails.fr\/produit\/gel-perfect-french\/#breadcrumb","itemListElement":[{"@type":"ListItem","position":1,"name":"Accueil","item":"https:\/\/www.lpnnails.fr\/"},{"@type":"ListItem","position":2,"name":"Boutique","item":"https:\/\/www.lpnnails.fr\/boutique\/"},{"@type":"ListItem","position":3,"name":"Gel Perfect French"}]},{"@type":"WebSite","@id":"https:\/\/www.lpnnails.fr\/#website","url":"https:\/\/www.lpnnails.fr\/","name":"LPN Nails","description":"","publisher":{"@id":"https:\/\/www.lpnnails.fr\/#organization"},"potentialAction":[{"@type":"SearchAction","target":{"@type":"EntryPoint","urlTemplate":"https:\/\/www.lpnnails.fr\/?s={search_term_string}"},"query-input":{"@type":"PropertyValueSpecification","valueRequired":true,"valueName":"search_term_string"}}],"inLanguage":"en-US"},{"@type":"Organization","@id":"https:\/\/www.lpnnails.fr\/#organization","name":"LPN Nails","url":"https:\/\/www.lpnnails.fr\/","logo":{"@type":"ImageObject","inLanguage":"en-US","@id":"https:\/\/www.lpnnails.fr\/#\/schema\/logo\/image\/","url":"https:\/\/www.lpnnails.fr\/wp-content\/uploads\/2025\/11\/Design-sans-titre-2.png","contentUrl":"https:\/\/www.lpnnails.fr\/wp-content\/uploads\/2025\/11\/Design-sans-titre-2.png","width":512,"height":512,"caption":"LPN Nails"},"image":{"@id":"https:\/\/www.lpnnails.fr\/#\/schema\/logo\/image\/"},"sameAs":["https:\/\/www.facebook.com\/profile.php?id=61573655313488#","https:\/\/www.instagram.com\/lpnnails\/","https:\/\/www.linkedin.com\/company\/lpnnails\/","https:\/\/www.youtube.com\/@LPNNails\/"]}]}},"uagb_featured_image_src":{"full":["https:\/\/www.lpnnails.fr\/wp-content\/uploads\/2026\/04\/gel-perfect-french.jpg",1024,1024,false],"thumbnail":["https:\/\/www.lpnnails.fr\/wp-content\/uploads\/2026\/04\/gel-perfect-french-150x150.jpg",150,150,true],"medium":["https:\/\/www.lpnnails.fr\/wp-content\/uploads\/2026\/04\/gel-perfect-french-300x300.jpg",300,300,true],"medium_large":["https:\/\/www.lpnnails.fr\/wp-content\/uploads\/2026\/04\/gel-perfect-french-768x768.jpg",768,768,true],"large":["https:\/\/www.lpnnails.fr\/wp-content\/uploads\/2026\/04\/gel-perfect-french.jpg",1024,1024,false],"1536x1536":["https:\/\/www.lpnnails.fr\/wp-content\/uploads\/2026\/04\/gel-perfect-french.jpg",1024,1024,false],"2048x2048":["https:\/\/www.lpnnails.fr\/wp-content\/uploads\/2026\/04\/gel-perfect-french.jpg",1024,1024,false],"trp-custom-language-flag":["https:\/\/www.lpnnails.fr\/wp-content\/uploads\/2026\/04\/gel-perfect-french-12x12.jpg",12,12,true],"mailpoet_newsletter_max":["https:\/\/www.lpnnails.fr\/wp-content\/uploads\/2026\/04\/gel-perfect-french.jpg",1024,1024,false],"woocommerce_thumbnail":["https:\/\/www.lpnnails.fr\/wp-content\/uploads\/2026\/04\/gel-perfect-french-300x300.jpg",300,300,true],"woocommerce_single":["https:\/\/www.lpnnails.fr\/wp-content\/uploads\/2026\/04\/gel-perfect-french-600x600.jpg",600,600,true],"woocommerce_gallery_thumbnail":["https:\/\/www.lpnnails.fr\/wp-content\/uploads\/2026\/04\/gel-perfect-french-100x100.jpg",100,100,true],"variation_swatches_image_size":["https:\/\/www.lpnnails.fr\/wp-content\/uploads\/2026\/04\/gel-perfect-french-50x50.jpg",50,50,true],"variation_swatches_tooltip_size":["https:\/\/www.lpnnails.fr\/wp-content\/uploads\/2026\/04\/gel-perfect-french-100x100.jpg",100,100,true]},"uagb_author_info":{"display_name":"LPN Nails","author_link":"https:\/\/www.lpnnails.fr\/en\/author\/"},"uagb_comment_info":0,"uagb_excerpt":"D\u00e9couvrez le Perfect French sign\u00e9 LPN Nails, un gel en pot de 20 g sp\u00e9cialement formul\u00e9 pour r\u00e9aliser des french [&hellip;]","_links":{"self":[{"href":"https:\/\/www.lpnnails.fr\/en\/wp-json\/wp\/v2\/product\/10898","targetHints":{"allow":["GET"]}}],"collection":[{"href":"https:\/\/www.lpnnails.fr\/en\/wp-json\/wp\/v2\/product"}],"about":[{"href":"https:\/\/www.lpnnails.fr\/en\/wp-json\/wp\/v2\/types\/product"}],"wp:featuredmedia":[{"embeddable":true,"href":"https:\/\/www.lpnnails.fr\/en\/wp-json\/wp\/v2\/media\/10902"}],"wp:attachment":[{"href":"https:\/\/www.lpnnails.fr\/en\/wp-json\/wp\/v2\/media?parent=10898"}],"wp:term":[{"taxonomy":"product_brand","embeddable":true,"href":"https:\/\/www.lpnnails.fr\/en\/wp-json\/wp\/v2\/product_brand?post=10898"},{"taxonomy":"product_cat","embeddable":true,"href":"https:\/\/www.lpnnails.fr\/en\/wp-json\/wp\/v2\/product_cat?post=10898"},{"taxonomy":"product_tag","embeddable":true,"href":"https:\/\/www.lpnnails.fr\/en\/wp-json\/wp\/v2\/product_tag?post=10898"}],"curies":[{"name":"wp","href":"https:\/\/api.w.org\/{rel}","templated":true}]}}